{"id":19,"date":"2018-09-04T22:05:55","date_gmt":"2018-09-04T22:05:55","guid":{"rendered":"http:\/\/kuhschwanz-angels.de\/?page_id=19"},"modified":"2023-04-23T11:00:56","modified_gmt":"2023-04-23T11:00:56","slug":"wir","status":"publish","type":"page","link":"https:\/\/kuhschwanz-angels.de\/?page_id=19","title":{"rendered":"WIR"},"content":{"rendered":"<p>Aus einer Weinschorle Laune heraus geboren, haben ein paar verr\u00fcckte\u00a0 Weiber beschlossen, ihren kreativen Ideen und sprudelnden Aktivismus in geordnetere Bahnen zu leiten.<br \/>\nDie Idee zur Gr\u00fcndung des Vereins <em>&#8222;Kuhschwanz Angels &amp; friends&#8220; <\/em>war geboren und kurze Zeit sp\u00e4ter in die Tat umgesetzt.<\/p>\n<p>VEREINSZIELE<\/p>\n<p>Die &#8222;<em>Kuhschwanz Angels &amp; friends e.V.<\/em>&#8220; m\u00f6chten dazu beitragen, das Angebot im Bereich der Jugend- und Familienarbeit im l\u00e4ndlichen Raum zu erweitern.<br \/>\nWir kn\u00fcpfen dabei an die vielf\u00e4ltigen Interessen von Menschen jeder Altersgruppe an, um m\u00f6glichst viele von ihnen zu motivieren sich ehrenamtlich zu engagieren und ihr soziales Umfeld aktiv mitzugestalten.<br \/>\nWir sehen uns dabei nicht als Konkurrenz zu \u201eklassischen Vereinen\u201c wie z.B. Sport-\u00a0oder Musikvereinen an.\u00a0Vielmehr m\u00f6chten wir mit vorhanden Vereinen und Institutionen (Schule, Kinderg\u00e4rten,\u00a0 Musikern&#8230;) zusammenarbeiten.<br \/>\nUnser T\u00e4tigkeitsschwerpunkt liegt in und und um M\u00fchlhausen im Kraichgau.<\/p>\n<p><a href=\"http:\/\/kuhschwanz-angels.de\/wp-content\/uploads\/2018\/09\/Satzung-KAaf-13_01_2017.pdf\">Unsere Satzung<\/a><\/p>\n<p>WAS IST DENN DAS F\u00dcR EIN NAME !?<\/p>\n<p>Immer wieder werden wir gefragt, wie\u00a0wir auf den nicht ganz allt\u00e4glichen\u00a0Name &#8222;Kuhschwanz Angels &amp; friends&#8220;\u00a0gekommen sind.<br \/>\nDer &#8222;Kuhschwanz&#8220; ist eine alte Gewannbezeichnung in M\u00fchlhausen im Kraichgau.<br \/>\nDa die Idee zur Vereinsgr\u00fcndung im Advent reifte und wir als reine Frauentruppe gestartet sind, wurde der &#8222;Kuhschwanz&#8220; flugs mit\u00a0 &#8222;Angels&#8220; kombiniert.<br \/>\nDen Zusatz &#8222;&amp; friends&#8220; haben wir beigef\u00fcgt weil wir offen sind f\u00fcr alle, die sich mit den Vereinszielen identifizieren und sich einbringen wollen.<br \/>\nUnd zugegeben:\u00a0 der eingangs erw\u00e4hnte Weinschorle half bei der Namensfindung auch etwas&#8230;<\/p>\n<p>WARUM FINDEN SICH AUF DIESER WEBSEITE SO WENIG FOTOS VON EUREN VERANSTALTUNGEN?<\/p>\n<p>Aufgrund der hohen Anforderungen der Datenschutz-Grundverordnung (DSGVO)\u00a0 vermeiden wir\u00a0 Fotos von Veranstaltungen auf unserer Webseite zu ver\u00f6ffentlichen auf der Personen abgebildet sind.<\/p>\n<p>WAS WIR SO TREIBEN&#8230;<\/p>\n<p><a href=\"http:\/\/kuhschwanz-angels.de\/wp-content\/uploads\/2023\/04\/Taetigkeitsbericht-2022.pdf\">T\u00e4tigkeitsbericht 2022<\/a><a href=\"http:\/\/kuhschwanz-angels.de\/wp-content\/uploads\/2021\/12\/Ta\u0308tigkeitsbericht-2021.pdf\"><br \/>\nTa\u0308tigkeitsbericht 2021<\/a><br \/>\n<a href=\"http:\/\/kuhschwanz-angels.de\/wp-content\/uploads\/2021\/12\/Ta\u0308tigkeitsbericht-2020-2.pdf\">Ta\u0308tigkeitsbericht 2020<\/a><br \/>\n<a href=\"http:\/\/kuhschwanz-angels.de\/wp-content\/uploads\/2020\/11\/Ta\u0308tigkeitsbericht-2019.pdf\">Ta\u0308tigkeitsbericht 2019<\/a><br \/>\n<a href=\"http:\/\/kuhschwanz-angels.de\/wp-content\/uploads\/2020\/11\/Ta\u0308tigkeitsbericht-2018.pdf\">Ta\u0308tigkeitsbericht 2018<\/a><\/p>\n<p>&nbsp;<\/p>\n","protected":false},"excerpt":{"rendered":"<p>Aus einer Weinschorle Laune heraus geboren, haben ein paar verr\u00fcckte\u00a0 Weiber beschlossen, ihren kreativen Ideen und sprudelnden Aktivismus in geordnetere Bahnen zu leiten. Die Idee zur Gr\u00fcndung des Vereins &#8222;Kuhschwanz Angels &amp; friends&#8220; war geboren und kurze Zeit sp\u00e4ter in die Tat umgesetzt. VEREINSZIELE Die &#8222;Kuhschwanz Angels &amp; friends e.V.&#8220; m\u00f6chten dazu beitragen, das Angebot &hellip; <\/p>\n<p class=\"link-more\"><a href=\"https:\/\/kuhschwanz-angels.de\/?page_id=19\" class=\"more-link\"><span class=\"screen-reader-text\">\u201eWIR\u201c<\/span> weiterlesen<\/a><\/p>\n","protected":false},"author":1,"featured_media":0,"parent":0,"menu_order":0,"comment_status":"closed","ping_status":"closed","template":"","meta":{"footnotes":""},"_links":{"self":[{"href":"https:\/\/kuhschwanz-angels.de\/index.php?rest_route=\/wp\/v2\/pages\/19"}],"collection":[{"href":"https:\/\/kuhschwanz-angels.de\/index.php?rest_route=\/wp\/v2\/pages"}],"about":[{"href":"https:\/\/kuhschwanz-angels.de\/index.php?rest_route=\/wp\/v2\/types\/page"}],"author":[{"embeddable":true,"href":"https:\/\/kuhschwanz-angels.de\/index.php?rest_route=\/wp\/v2\/users\/1"}],"replies":[{"embeddable":true,"href":"https:\/\/kuhschwanz-angels.de\/index.php?rest_route=%2Fwp%2Fv2%2Fcomments&post=19"}],"version-history":[{"count":22,"href":"https:\/\/kuhschwanz-angels.de\/index.php?rest_route=\/wp\/v2\/pages\/19\/revisions"}],"predecessor-version":[{"id":502,"href":"https:\/\/kuhschwanz-angels.de\/index.php?rest_route=\/wp\/v2\/pages\/19\/revisions\/502"}],"wp:attachment":[{"href":"https:\/\/kuhschwanz-angels.de\/index.php?rest_route=%2Fwp%2Fv2%2Fmedia&parent=19"}],"curies":[{"name":"wp","href":"https:\/\/api.w.org\/{rel}","templated":true}]}}